{"id":145,"date":"2021-09-12T12:24:06","date_gmt":"2021-09-12T12:24:06","guid":{"rendered":"https:\/\/medaniko.com\/?page_id=145"},"modified":"2021-10-02T11:15:21","modified_gmt":"2021-10-02T11:15:21","slug":"rolam-2","status":"publish","type":"page","link":"https:\/\/medaniko.com\/?page_id=145","title":{"rendered":"R\u00f3lam"},"content":{"rendered":"<p>[et_pb_section fb_built=&#8221;1&#8243; custom_padding_last_edited=&#8221;on|desktop&#8221; admin_label=&#8221;Header&#8221; _builder_version=&#8221;3.26.3&#8243; background_image=&#8221;https:\/\/medaniko.com\/wp-content\/uploads\/2021\/09\/psychologist-04.jpg&#8221; parallax=&#8221;on&#8221; custom_margin=&#8221;40px|40px||40px|false|true&#8221; custom_margin_tablet=&#8221;&#8221; custom_margin_phone=&#8221;20px|20px||20px|false|true&#8221; custom_margin_last_edited=&#8221;on|desktop&#8221; custom_padding=&#8221;331px|0px|0px|||&#8221; custom_padding_tablet=&#8221;40px||||false|false&#8221; custom_padding_phone=&#8221;&#8221; border_radii_phone=&#8221;on|20px|20px|20px|20px&#8221; border_radii_last_edited=&#8221;off|desktop&#8221;][et_pb_row custom_padding_last_edited=&#8221;on|tablet&#8221; _builder_version=&#8221;3.26.3&#8243; background_enable_color=&#8221;off&#8221; background_image=&#8221;https:\/\/medaniko.com\/wp-content\/uploads\/2021\/09\/psychologist-05.jpg&#8221; parallax=&#8221;on&#8221; transform_scale_tablet=&#8221;&#8221; transform_scale_phone=&#8221;&#8221; transform_scale_last_edited=&#8221;on|desktop&#8221; transform_translate=&#8221;30px|0px&#8221; transform_translate_tablet=&#8221;0px|0px&#8221; transform_translate_phone=&#8221;&#8221; transform_translate_last_edited=&#8221;on|tablet&#8221; transform_translate_linked=&#8221;off&#8221; transform_rotate_tablet=&#8221;&#8221; transform_rotate_phone=&#8221;&#8221; transform_rotate_last_edited=&#8221;on|desktop&#8221; transform_skew_tablet=&#8221;&#8221; transform_skew_phone=&#8221;&#8221; transform_skew_last_edited=&#8221;on|desktop&#8221; transform_origin_tablet=&#8221;&#8221; transform_origin_phone=&#8221;&#8221; transform_origin_last_edited=&#8221;on|desktop&#8221; transform_styles_last_edited=&#8221;on|tablet&#8221; width_tablet=&#8221;90%&#8221; width_phone=&#8221;&#8221; width_last_edited=&#8221;on|desktop&#8221; max_width=&#8221;1200px&#8221; min_height=&#8221;305px&#8221; custom_padding=&#8221;75px|60px|75px|60px|true|true&#8221; custom_padding_tablet=&#8221;60px||60px||true|true&#8221; custom_padding_phone=&#8221;40px|20px|40px|20px|true|true&#8221; transform_styles_tablet=&#8221;&#8221; transform_styles_phone=&#8221;&#8221; border_radii_phone=&#8221;off|8px|8px||&#8221; border_radii_last_edited=&#8221;off|desktop&#8221; box_shadow_style=&#8221;preset3&#8243; box_shadow_vertical=&#8221;40px&#8221; box_shadow_blur=&#8221;110px&#8221; box_shadow_spread=&#8221;0px&#8221; box_shadow_color=&#8221;rgba(9,6,38,0.62)&#8221;][et_pb_column type=&#8221;4_4&#8243; _builder_version=&#8221;3.26&#8243;][et_pb_text _builder_version=&#8221;3.27.4&#8243; text_font_size=&#8221;17px&#8221; text_line_height=&#8221;1.8em&#8221; header_2_font=&#8221;Taviraj||||||||&#8221; header_2_font_size=&#8221;46px&#8221; header_2_line_height=&#8221;1.2em&#8221; header_3_font=&#8221;Taviraj|600|||||||&#8221; header_3_font_size=&#8221;20px&#8221; header_3_line_height=&#8221;1.2em&#8221; custom_padding=&#8221;||||false|false&#8221; custom_padding_tablet=&#8221;|30px||50px|true|false&#8221; custom_padding_phone=&#8221;|30px|||true|false&#8221; custom_padding_last_edited=&#8221;off|tablet&#8221; text_font_size_tablet=&#8221;&#8221; text_font_size_phone=&#8221;15px&#8221; text_font_size_last_edited=&#8221;on|desktop&#8221; header_2_font_size_tablet=&#8221;40px&#8221; header_2_font_size_phone=&#8221;30px&#8221; header_2_font_size_last_edited=&#8221;on|phone&#8221; header_3_font_size_tablet=&#8221;&#8221; header_3_font_size_phone=&#8221;18px&#8221; header_3_font_size_last_edited=&#8221;on|phone&#8221;]<\/p>\n<h2>Meg\u00e9rdemled, hogy j\u00f3l \u00e9rezd magad.<\/h2>\n<h2>Itt vagyok, hogy seg\u00edtsek.<\/h2>\n<p>[\/et_pb_text][\/et_pb_column][\/et_pb_row][\/et_pb_section][et_pb_section fb_built=&#8221;1&#8243; admin_label=&#8221;About&#8221; _builder_version=&#8221;3.26&#8243; background_color=&#8221;rgba(0,0,0,0)&#8221; custom_margin=&#8221;1px|40px||40px|false|true&#8221; custom_margin_tablet=&#8221;&#8221; custom_margin_phone=&#8221;|20px||20px|false|true&#8221; custom_margin_last_edited=&#8221;on|tablet&#8221; custom_padding=&#8221;0px||140px|||&#8221;][et_pb_row column_structure=&#8221;2_5,3_5&#8243; custom_padding_last_edited=&#8221;on|desktop&#8221; _builder_version=&#8221;3.26.3&#8243; background_color=&#8221;#ffffff&#8221; z_index=&#8221;0&#8243; width_tablet=&#8221;90%&#8221; width_phone=&#8221;90%&#8221; width_last_edited=&#8221;on|desktop&#8221; max_width=&#8221;1200px&#8221; overflow-x=&#8221;visible&#8221; overflow-y=&#8221;visible&#8221; custom_margin=&#8221;-30px|auto||auto|false|false&#8221; custom_padding=&#8221;27px|60px|27px|90px|true|false&#8221; custom_padding_tablet=&#8221;|||60px|false|false&#8221; custom_padding_phone=&#8221;|20px||20px|false|true&#8221; box_shadow_style=&#8221;preset3&#8243; box_shadow_vertical=&#8221;40px&#8221; box_shadow_blur=&#8221;110px&#8221; box_shadow_spread=&#8221;0px&#8221; box_shadow_color=&#8221;rgba(131,146,167,0.5)&#8221; width__hover_enabled=&#8221;off&#8221;][et_pb_column type=&#8221;2_5&#8243; _builder_version=&#8221;3.26&#8243;][et_pb_image src=&#8221;https:\/\/medaniko.com\/wp-content\/uploads\/2021\/09\/about-1.png&#8221; title_text=&#8221;about&#8221; align=&#8221;center&#8221; _builder_version=&#8221;4.6.6&#8243; custom_margin_tablet=&#8221;0px||||false|false&#8221; custom_margin_last_edited=&#8221;off|phone&#8221; custom_padding=&#8221;0px|||||&#8221; box_shadow_style=&#8221;preset4&#8243; box_shadow_horizontal=&#8221;0px&#8221; box_shadow_vertical=&#8221;200px&#8221; box_shadow_color=&#8221;#ffffff&#8221;][\/et_pb_image][et_pb_text _builder_version=&#8221;4.6.6&#8243; _module_preset=&#8221;default&#8221; custom_margin=&#8221;-24px|||||&#8221;]<\/p>\n<p>Dr. Medgyesi Anik\u00f3 Ph.D<\/p>\n<p>[\/et_pb_text][\/et_pb_column][et_pb_column type=&#8221;3_5&#8243; _builder_version=&#8221;3.26.3&#8243; custom_padding=&#8221;40px||||false|false&#8221; custom_padding_tablet=&#8221;0px||||false|false&#8221; custom_padding_phone=&#8221;&#8221; custom_padding_last_edited=&#8221;on|tablet&#8221;][et_pb_text _builder_version=&#8221;4.6.6&#8243; text_font_size=&#8221;17px&#8221; text_line_height=&#8221;1.6em&#8221; header_font=&#8221;Taviraj||||||||&#8221; header_font_size=&#8221;60px&#8221; header_line_height=&#8221;1.2em&#8221; max_width_last_edited=&#8221;off|desktop&#8221; min_height=&#8221;48px&#8221; custom_padding=&#8221;||0px|||&#8221; text_font_size_tablet=&#8221;18px&#8221; text_font_size_phone=&#8221;16px&#8221; text_font_size_last_edited=&#8221;on|tablet&#8221; header_font_size_tablet=&#8221;40px&#8221; header_font_size_phone=&#8221;30px&#8221; header_font_size_last_edited=&#8221;on|desktop&#8221; locked=&#8221;off&#8221;]<\/p>\n<h1>Magamr\u00f3l\u00a0<\/h1>\n<p>[\/et_pb_text][et_pb_text _builder_version=&#8221;4.6.6&#8243; _module_preset=&#8221;default&#8221;]<\/p>\n<p>25 \u00e9ve holisztikus, emberk\u00f6zpont\u00fa megk\u00f6zel\u00edt\u00e9ssel seg\u00edtem a hozz\u00e1m fordul\u00f3kat lelki, \u00e9letvezet\u00e9si probl\u00e9m\u00e1ikban.\u00a0<\/p>\n<p><span>2010-ben \u201ehat\u00e1r\u00e1tkel\u0151 lettem. <\/span><\/p>\n<p><span>T\u00f6bb mint 10 \u00e9ve k\u00fclf\u00f6ld\u00f6n \u00e9lek \u00edgy a neh\u00e9zs\u00e9gek legnagyobb r\u00e9sz\u00e9vel j\u00f3magam is szemt\u0151l szembe tal\u00e1lkoztam\/tal\u00e1lkozom vagy saj\u00e1t magam is megtapasztaltam.<\/span><\/p>\n<p>[\/et_pb_text][et_pb_accordion _builder_version=&#8221;4.6.6&#8243; _module_preset=&#8221;default&#8221; hover_enabled=&#8221;0&#8243; sticky_enabled=&#8221;0&#8243;][et_pb_accordion_item title=&#8221;Tanulm\u00e1nyok&#8221; open=&#8221;off&#8221; _builder_version=&#8221;4.6.6&#8243; _module_preset=&#8221;default&#8221;]<\/p>\n<ul>\n<li>1997-ben v\u00e9geztem a KRE Tan\u00edt\u00f3k\u00e9pz\u0151 F\u0151iskola Diak\u00f3nia szak\u00e1n reform\u00e1tus diak\u00f3nusk\u00e9nt, majd<\/li>\n<li>2000-ben a SOTE Ment\u00e1lhigi\u00e9n\u00e9 szak\u00e1n ment\u00e1lhigi\u00e9n\u00e9s szakemberk\u00e9nt.<\/li>\n<li>Ezut\u00e1n 2005-ben az ELTE Szociol\u00f3giai tansz\u00e9k\u00e9n\u00a0master (MA) szoci\u00e1lis munk\u00e1s v\u00e9gzetts\u00e9get szereztem. Ezek a k\u00e9pz\u00e9sek meghat\u00e1roz\u00f3ak voltak seg\u00edt\u0151 identit\u00e1som form\u00e1l\u00e1s\u00e1ban, hiteles tapasztalt tan\u00e1rokt\u00f3l tanulhattam.<\/li>\n<li>Intenz\u00edv \u00f6nismereti tr\u00e9ningek (csoportanalitikus-csoportdinamikus, burn-out, csal\u00e1dter\u00e1pi\u00e1s, Gordon intenz\u00edv tr\u00e9ningek, pszichodr\u00e1ma valamint bibliodr\u00e1ma) seg\u00edtettek abban, hogy elm\u00e9ly\u00edtsem tud\u00e1som.<\/li>\n<li>Seg\u00edt\u0151i attit\u0171d\u00f6met tov\u00e1bb fejlesztve 2008-ban a MIPE keretei k\u00f6z\u00f6tt Alfred Adler tanait k\u00f6vetve individu\u00e1lpszichol\u00f3giai tan\u00e1csad\u00f3 v\u00e9gzetts\u00e9get szereztem.<\/li>\n<li>Tudom\u00e1nyos munk\u00e1mban a mozg\u00e1sszervi betegs\u00e9gek testi-lelki-szoci\u00e1lis-spiritu\u00e1lis v\u00e1ltoz\u00e1sait vizsg\u00e1ltam, disszert\u00e1ci\u00f3mat 2013-ban v\u00e9dtem meg.<\/li>\n<\/ul>\n<p>[\/et_pb_accordion_item][et_pb_accordion_item title=&#8221;Tanfolyamok&#8221; _builder_version=&#8221;4.6.6&#8243; _module_preset=&#8221;default&#8221; hover_enabled=&#8221;0&#8243; open=&#8221;on&#8221; sticky_enabled=&#8221;0&#8243;]<\/p>\n<ul>\n<li><span>2019-2020 H\u00f8yskolen Kristiania nettbasert studium &#8211; Saksbehandler <\/span><\/li>\n<li><span>2006-2008 Tereptan\u00e1rk\u00e9pz\u00e9s- SOTE Ment\u00e1lhigi\u00e9n\u00e9 Int\u00e9zet <\/span><\/li>\n<li><span>2007-2010 Pszichodr\u00e1ma asszisztens k\u00e9pz\u00e9s <\/span><\/li>\n<li><span>2006-2007 Pszichodr\u00e1ma 150 \u00f3ra \u00d6nismeret Dr. Sakadi Kammilla <\/span><\/li>\n<li><span>2006-2007 Gordon instruktor <\/span><\/li>\n<li><span>2000-2002 Projekt oktat\u00f3 <\/span><\/li>\n<li><span>2002 Csoportanalitikus-\u00e9s csoportdinamikus intenz\u00edv tr\u00e9ning <\/span><\/li>\n<li><span>1998-1999\u00a0 100 \u00f3ra pszichodr\u00e1ma, Dr Tomcs\u00e1nyi Teod\u00f3ra <\/span><\/li>\n<li><span>1997 40 \u00f3ra Gordon tr\u00e9ning 1993 30 \u00f3ra Csal\u00e1dter\u00e1pia intenz\u00edv tr\u00e9ning, Dr H\u00e9zser G\u00e1bor<\/span><\/li>\n<\/ul>\n<p>[\/et_pb_accordion_item][et_pb_accordion_item title=&#8221;Szakmai gyakorlatok&#8221; _builder_version=&#8221;4.6.6&#8243; _module_preset=&#8221;default&#8221; open=&#8221;off&#8221;]<\/p>\n<ul>\n<li><span>Szem\u00e9lyis\u00e9gfejleszt\u0151 csoportok vezet\u00e9se<\/span><\/li>\n<li><span>Rehabilit\u00e1ci\u00f3s szakmai tov\u00e1bbk\u00e9pz\u00e9sek ir\u00e1ny\u00edt\u00e1sa<\/span><\/li>\n<li><span>Projekt szemin\u00e1rium vezet\u00e9se<\/span><\/li>\n<li><span>Ment\u00e1lhigi\u00e9n\u00e9 tant\u00e1rgy oktat\u00e1sa <\/span><\/li>\n<li><span>Szoci\u00e1lis esetmunka szemin\u00e1rium vezet\u00e9se<\/span><\/li>\n<\/ul>\n<p>[\/et_pb_accordion_item][\/et_pb_accordion][\/et_pb_column][\/et_pb_row][\/et_pb_section]<\/p>\n","protected":false},"excerpt":{"rendered":"<p>[et_pb_section fb_built=&#8221;1&#8243; custom_padding_last_edited=&#8221;on|desktop&#8221; admin_label=&#8221;Header&#8221; _builder_version=&#8221;3.26.3&#8243; background_image=&#8221;https:\/\/medaniko.com\/wp-content\/uploads\/2021\/09\/psychologist-04.jpg&#8221; parallax=&#8221;on&#8221; custom_margin=&#8221;40px|40px||40px|false|true&#8221; custom_margin_tablet=&#8221;&#8221; custom_margin_phone=&#8221;20px|20px||20px|false|true&#8221; custom_margin_last_edited=&#8221;on|desktop&#8221; custom_padding=&#8221;331px|0px|0px|||&#8221; custom_padding_tablet=&#8221;40px||||false|false&#8221; custom_padding_phone=&#8221;&#8221; border_radii_phone=&#8221;on|20px|20px|20px|20px&#8221; border_radii_last_edited=&#8221;off|desktop&#8221;][et_pb_row custom_padding_last_edited=&#8221;on|tablet&#8221; _builder_version=&#8221;3.26.3&#8243; background_enable_color=&#8221;off&#8221; background_image=&#8221;https:\/\/medaniko.com\/wp-content\/uploads\/2021\/09\/psychologist-05.jpg&#8221; parallax=&#8221;on&#8221; transform_scale_tablet=&#8221;&#8221; transform_scale_phone=&#8221;&#8221; transform_scale_last_edited=&#8221;on|desktop&#8221; transform_translate=&#8221;30px|0px&#8221; transform_translate_tablet=&#8221;0px|0px&#8221; transform_translate_phone=&#8221;&#8221; transform_translate_last_edited=&#8221;on|tablet&#8221; transform_translate_linked=&#8221;off&#8221; transform_rotate_tablet=&#8221;&#8221; transform_rotate_phone=&#8221;&#8221; transform_rotate_last_edited=&#8221;on|desktop&#8221; transform_skew_tablet=&#8221;&#8221; transform_skew_phone=&#8221;&#8221; transform_skew_last_edited=&#8221;on|desktop&#8221; transform_origin_tablet=&#8221;&#8221; transform_origin_phone=&#8221;&#8221; transform_origin_last_edited=&#8221;on|desktop&#8221; transform_styles_last_edited=&#8221;on|tablet&#8221; width_tablet=&#8221;90%&#8221; width_phone=&#8221;&#8221; width_last_edited=&#8221;on|desktop&#8221; max_width=&#8221;1200px&#8221; min_height=&#8221;305px&#8221; custom_padding=&#8221;75px|60px|75px|60px|true|true&#8221; custom_padding_tablet=&#8221;60px||60px||true|true&#8221; custom_padding_phone=&#8221;40px|20px|40px|20px|true|true&#8221; transform_styles_tablet=&#8221;&#8221; transform_styles_phone=&#8221;&#8221; border_radii_phone=&#8221;off|8px|8px||&#8221; border_radii_last_edited=&#8221;off|desktop&#8221; box_shadow_style=&#8221;preset3&#8243; box_shadow_vertical=&#8221;40px&#8221; box_shadow_blur=&#8221;110px&#8221; box_shadow_spread=&#8221;0px&#8221; [&hellip;]<\/p>\n","protected":false},"author":1,"featured_media":0,"parent":0,"menu_order":0,"comment_status":"closed","ping_status":"closed","template":"","meta":{"_et_pb_use_builder":"on","_et_pb_old_content":"","_et_gb_content_width":"","footnotes":""},"class_list":["post-145","page","type-page","status-publish","hentry"],"_links":{"self":[{"href":"https:\/\/medaniko.com\/index.php?rest_route=\/wp\/v2\/pages\/145","targetHints":{"allow":["GET"]}}],"collection":[{"href":"https:\/\/medaniko.com\/index.php?rest_route=\/wp\/v2\/pages"}],"about":[{"href":"https:\/\/medaniko.com\/index.php?rest_route=\/wp\/v2\/types\/page"}],"author":[{"embeddable":true,"href":"https:\/\/medaniko.com\/index.php?rest_route=\/wp\/v2\/users\/1"}],"replies":[{"embeddable":true,"href":"https:\/\/medaniko.com\/index.php?rest_route=%2Fwp%2Fv2%2Fcomments&post=145"}],"version-history":[{"count":31,"href":"https:\/\/medaniko.com\/index.php?rest_route=\/wp\/v2\/pages\/145\/revisions"}],"predecessor-version":[{"id":346,"href":"https:\/\/medaniko.com\/index.php?rest_route=\/wp\/v2\/pages\/145\/revisions\/346"}],"wp:attachment":[{"href":"https:\/\/medaniko.com\/index.php?rest_route=%2Fwp%2Fv2%2Fmedia&parent=145"}],"curies":[{"name":"wp","href":"https:\/\/api.w.org\/{rel}","templated":true}]}}