{"id":181,"date":"2021-09-12T15:15:09","date_gmt":"2021-09-12T15:15:09","guid":{"rendered":"https:\/\/medaniko.com\/?page_id=181"},"modified":"2021-09-26T15:29:11","modified_gmt":"2021-09-26T15:29:11","slug":"181-2","status":"publish","type":"page","link":"https:\/\/medaniko.com\/?page_id=181","title":{"rendered":"Publik\u00e1ci\u00f3k"},"content":{"rendered":"<p>[et_pb_section fb_built=&#8221;1&#8243; custom_padding_last_edited=&#8221;on|desktop&#8221; admin_label=&#8221;Header&#8221; _builder_version=&#8221;3.26.3&#8243; background_image=&#8221;https:\/\/medaniko.com\/wp-content\/uploads\/2021\/09\/psychologist-10.jpg&#8221; parallax=&#8221;on&#8221; custom_margin=&#8221;40px|40px||40px|false|true&#8221; custom_margin_tablet=&#8221;&#8221; custom_margin_phone=&#8221;20px|20px||20px|false|true&#8221; custom_margin_last_edited=&#8221;on|desktop&#8221; custom_padding=&#8221;100px|0px|0px|||&#8221; custom_padding_tablet=&#8221;40px||||false|false&#8221; custom_padding_phone=&#8221;&#8221; border_radii_phone=&#8221;on|20px|20px|20px|20px&#8221; border_radii_last_edited=&#8221;off|desktop&#8221; locked=&#8221;off&#8221;][et_pb_row custom_padding_last_edited=&#8221;on|tablet&#8221; _builder_version=&#8221;3.26.3&#8243; background_enable_color=&#8221;off&#8221; background_image=&#8221;https:\/\/medaniko.com\/wp-content\/uploads\/2021\/09\/psychologist-11.jpg&#8221; parallax=&#8221;on&#8221; transform_scale_tablet=&#8221;&#8221; transform_scale_phone=&#8221;&#8221; transform_scale_last_edited=&#8221;on|desktop&#8221; transform_translate=&#8221;30px|0px&#8221; transform_translate_tablet=&#8221;0px|0px&#8221; transform_translate_phone=&#8221;&#8221; transform_translate_last_edited=&#8221;on|tablet&#8221; transform_translate_linked=&#8221;off&#8221; transform_rotate_tablet=&#8221;&#8221; transform_rotate_phone=&#8221;&#8221; transform_rotate_last_edited=&#8221;on|desktop&#8221; transform_skew_tablet=&#8221;&#8221; transform_skew_phone=&#8221;&#8221; transform_skew_last_edited=&#8221;on|desktop&#8221; transform_origin_tablet=&#8221;&#8221; transform_origin_phone=&#8221;&#8221; transform_origin_last_edited=&#8221;on|desktop&#8221; transform_styles_last_edited=&#8221;on|tablet&#8221; width_tablet=&#8221;90%&#8221; width_phone=&#8221;&#8221; width_last_edited=&#8221;on|desktop&#8221; max_width=&#8221;1200px&#8221; custom_padding=&#8221;100px|60px|100px|60px|true|true&#8221; custom_padding_tablet=&#8221;60px||60px||true|true&#8221; custom_padding_phone=&#8221;40px|20px|40px|20px|true|true&#8221; transform_styles_tablet=&#8221;&#8221; transform_styles_phone=&#8221;&#8221; border_radii_phone=&#8221;off|8px|8px||&#8221; border_radii_last_edited=&#8221;off|desktop&#8221; box_shadow_style=&#8221;preset3&#8243; box_shadow_vertical=&#8221;40px&#8221; box_shadow_blur=&#8221;110px&#8221; box_shadow_spread=&#8221;0px&#8221; box_shadow_color=&#8221;rgba(9,6,38,0.62)&#8221;][et_pb_column type=&#8221;4_4&#8243; _builder_version=&#8221;3.26&#8243;][et_pb_text _builder_version=&#8221;3.27.4&#8243; text_font_size=&#8221;17px&#8221; text_line_height=&#8221;1.6em&#8221; header_font=&#8221;Taviraj||||||||&#8221; header_font_size=&#8221;60px&#8221; header_line_height=&#8221;1.2em&#8221; max_width_last_edited=&#8221;off|desktop&#8221; text_font_size_tablet=&#8221;18px&#8221; text_font_size_phone=&#8221;16px&#8221; text_font_size_last_edited=&#8221;on|tablet&#8221; header_font_size_tablet=&#8221;40px&#8221; header_font_size_phone=&#8221;30px&#8221; header_font_size_last_edited=&#8221;on|desktop&#8221; locked=&#8221;off&#8221;]<\/p>\n<h1>Publik\u00e1ci\u00f3k<\/h1>\n<p>[\/et_pb_text][\/et_pb_column][\/et_pb_row][\/et_pb_section][et_pb_section fb_built=&#8221;1&#8243; admin_label=&#8221;Links&#8221; _builder_version=&#8221;3.26.3&#8243; background_color=&#8221;rgba(0,0,0,0)&#8221; z_index=&#8221;1&#8243; custom_margin=&#8221;|40px||40px|false|true&#8221; custom_margin_tablet=&#8221;&#8221; custom_margin_phone=&#8221;|20px||20px|false|true&#8221; custom_margin_last_edited=&#8221;on|tablet&#8221; custom_padding=&#8221;0px||0px||false|false&#8221;][\/et_pb_section][et_pb_section fb_built=&#8221;1&#8243; admin_label=&#8221;Blog&#8221; _builder_version=&#8221;3.26&#8243; custom_padding=&#8221;0px|||||&#8221;][et_pb_row _builder_version=&#8221;4.6.6&#8243; _module_preset=&#8221;default&#8221;][et_pb_column type=&#8221;4_4&#8243; _builder_version=&#8221;4.6.6&#8243; _module_preset=&#8221;default&#8221;][et_pb_slider _builder_version=&#8221;4.6.6&#8243; _module_preset=&#8221;default&#8221; use_background_color_gradient=&#8221;on&#8221; background_color_gradient_start=&#8221;#834b9d&#8221;][et_pb_slide _builder_version=&#8221;4.6.6&#8243; _module_preset=&#8221;default&#8221; sticky_transition=&#8221;on&#8221;]<\/p>\n<h2 _ngcontent-qbd-c116=\"\">Mozg\u00e1sszervi rehabilit\u00e1ci\u00f3 \u00e9s az adleri IP. Embert\u00e1rs \u00d6kumenikus lelkigondoz\u00f3i \u00e9s ment\u00e1lhigi\u00e9n\u00e9s foly\u00f3irat VII. \u00c9vfolyam 4. sz\u00e1m 2010\/4.Kapit\u00e1lis Kft. Debrecen 2010. 344-348.p. HU ISSN-1785-0436<\/h2>\n<p>[\/et_pb_slide][et_pb_slide _builder_version=&#8221;4.6.6&#8243; _module_preset=&#8221;default&#8221; sticky_transition=&#8221;on&#8221;]<\/p>\n<div class=\"carousel-inner\">\n<div class=\"carousel-item active\">\n<div _ngcontent-qbd-c116=\"\" class=\"carousel-caption d-md-block\">\n<h2 _ngcontent-qbd-c116=\"\">Az \u00fajra kezd\u00e9s neh\u00e9zs\u00e9gei. \u00c1pol\u00e1s\u00fcgy: a Magyar \u00c1pol\u00e1si Egyes\u00fclet tov\u00e1bbk\u00e9pz\u0151 \u00e9s t\u00e1j\u00e9koztat\u00f3 kiadv\u00e1nya 13. \u00c9vfolyam 3.sz\u00e1m 2000. HU ISSN-1216-5026<\/h2>\n<\/div>\n<\/div>\n<\/div>\n<p>[\/et_pb_slide][et_pb_slide _builder_version=&#8221;4.6.6&#8243; _module_preset=&#8221;default&#8221; sticky_transition=&#8221;on&#8221;]<\/p>\n<h2 _ngcontent-qbd-c116=\"\">A m\u00e9dia \u00e9s a sport \u00f6sszef\u00fcgg\u00e9sei egy kutat\u00e1s kapcs\u00e1n. \u201eT\u00f3v\u00e1 lett a d\u00e9lib\u00e1b\u201d KRE-TFK Jubileumi \u00c9vk\u00f6nyv. Op\u00e1r Bt.. Budapest, 2010. 272-287.p.<\/h2>\n<p>[\/et_pb_slide][et_pb_slide _builder_version=&#8221;4.6.6&#8243; _module_preset=&#8221;default&#8221; sticky_transition=&#8221;on&#8221;]<\/p>\n<h2 _ngcontent-qbd-c116=\"\">Mozg\u00e1sszervi betegs\u00e9gben szenved\u0151k testi- lelki-szoci\u00e1lis-spiritu\u00e1lis v\u00e1ltoz\u00e1sainak vizsg\u00e1lata. AZ IP \u00fatjain MIPE 2014.<\/h2>\n<p>[\/et_pb_slide][\/et_pb_slider][\/et_pb_column][\/et_pb_row][\/et_pb_section]<\/p>\n","protected":false},"excerpt":{"rendered":"<p>[et_pb_section fb_built=&#8221;1&#8243; custom_padding_last_edited=&#8221;on|desktop&#8221; admin_label=&#8221;Header&#8221; _builder_version=&#8221;3.26.3&#8243; background_image=&#8221;https:\/\/medaniko.com\/wp-content\/uploads\/2021\/09\/psychologist-10.jpg&#8221; parallax=&#8221;on&#8221; custom_margin=&#8221;40px|40px||40px|false|true&#8221; custom_margin_tablet=&#8221;&#8221; custom_margin_phone=&#8221;20px|20px||20px|false|true&#8221; custom_margin_last_edited=&#8221;on|desktop&#8221; custom_padding=&#8221;100px|0px|0px|||&#8221; custom_padding_tablet=&#8221;40px||||false|false&#8221; custom_padding_phone=&#8221;&#8221; border_radii_phone=&#8221;on|20px|20px|20px|20px&#8221; border_radii_last_edited=&#8221;off|desktop&#8221; locked=&#8221;off&#8221;][et_pb_row custom_padding_last_edited=&#8221;on|tablet&#8221; _builder_version=&#8221;3.26.3&#8243; background_enable_color=&#8221;off&#8221; background_image=&#8221;https:\/\/medaniko.com\/wp-content\/uploads\/2021\/09\/psychologist-11.jpg&#8221; parallax=&#8221;on&#8221; transform_scale_tablet=&#8221;&#8221; transform_scale_phone=&#8221;&#8221; transform_scale_last_edited=&#8221;on|desktop&#8221; transform_translate=&#8221;30px|0px&#8221; transform_translate_tablet=&#8221;0px|0px&#8221; transform_translate_phone=&#8221;&#8221; transform_translate_last_edited=&#8221;on|tablet&#8221; transform_translate_linked=&#8221;off&#8221; transform_rotate_tablet=&#8221;&#8221; transform_rotate_phone=&#8221;&#8221; transform_rotate_last_edited=&#8221;on|desktop&#8221; transform_skew_tablet=&#8221;&#8221; transform_skew_phone=&#8221;&#8221; transform_skew_last_edited=&#8221;on|desktop&#8221; transform_origin_tablet=&#8221;&#8221; transform_origin_phone=&#8221;&#8221; transform_origin_last_edited=&#8221;on|desktop&#8221; transform_styles_last_edited=&#8221;on|tablet&#8221; width_tablet=&#8221;90%&#8221; width_phone=&#8221;&#8221; width_last_edited=&#8221;on|desktop&#8221; max_width=&#8221;1200px&#8221; custom_padding=&#8221;100px|60px|100px|60px|true|true&#8221; custom_padding_tablet=&#8221;60px||60px||true|true&#8221; custom_padding_phone=&#8221;40px|20px|40px|20px|true|true&#8221; transform_styles_tablet=&#8221;&#8221; transform_styles_phone=&#8221;&#8221; border_radii_phone=&#8221;off|8px|8px||&#8221; border_radii_last_edited=&#8221;off|desktop&#8221; box_shadow_style=&#8221;preset3&#8243; box_shadow_vertical=&#8221;40px&#8221; box_shadow_blur=&#8221;110px&#8221; box_shadow_spread=&#8221;0px&#8221; [&hellip;]<\/p>\n","protected":false},"author":1,"featured_media":0,"parent":0,"menu_order":0,"comment_status":"closed","ping_status":"closed","template":"","meta":{"_et_pb_use_builder":"on","_et_pb_old_content":"","_et_gb_content_width":"","footnotes":""},"class_list":["post-181","page","type-page","status-publish","hentry"],"_links":{"self":[{"href":"https:\/\/medaniko.com\/index.php?rest_route=\/wp\/v2\/pages\/181","targetHints":{"allow":["GET"]}}],"collection":[{"href":"https:\/\/medaniko.com\/index.php?rest_route=\/wp\/v2\/pages"}],"about":[{"href":"https:\/\/medaniko.com\/index.php?rest_route=\/wp\/v2\/types\/page"}],"author":[{"embeddable":true,"href":"https:\/\/medaniko.com\/index.php?rest_route=\/wp\/v2\/users\/1"}],"replies":[{"embeddable":true,"href":"https:\/\/medaniko.com\/index.php?rest_route=%2Fwp%2Fv2%2Fcomments&post=181"}],"version-history":[{"count":7,"href":"https:\/\/medaniko.com\/index.php?rest_route=\/wp\/v2\/pages\/181\/revisions"}],"predecessor-version":[{"id":290,"href":"https:\/\/medaniko.com\/index.php?rest_route=\/wp\/v2\/pages\/181\/revisions\/290"}],"wp:attachment":[{"href":"https:\/\/medaniko.com\/index.php?rest_route=%2Fwp%2Fv2%2Fmedia&parent=181"}],"curies":[{"name":"wp","href":"https:\/\/api.w.org\/{rel}","templated":true}]}}